{"id":13254,"date":"2020-03-25T17:58:53","date_gmt":"2020-03-25T16:58:53","guid":{"rendered":"https:\/\/www.alphatec-occasion.ch\/v2\/de\/?page_id=13254"},"modified":"2020-03-25T18:00:43","modified_gmt":"2020-03-25T17:00:43","slug":"datenschutzerklaerung","status":"publish","type":"page","link":"https:\/\/www.alphatec-occasion.ch\/v2\/de\/datenschutzerklaerung\/","title":{"rendered":"Datenschutzerkl\u00e4rung"},"content":{"rendered":"<div class=\"cli_pg_page_contaner\">\n<div>Diese Cookie-Richtlinie erkl\u00e4rt, was Cookies sind und wie wir sie verwenden. Sie sollten diese Richtlinie lesen, um zu verstehen, was Cookies sind, wie wir sie verwenden, welche Arten von Cookies wir verwenden, d.h. welche Informationen wir mit Hilfe von Cookies sammeln und wie diese Informationen verwendet werden, und wie die Cookie-Pr\u00e4ferenzen gesteuert werden k\u00f6nnen. Weitere Informationen dar\u00fcber, wie wir Ihre pers\u00f6nlichen Daten verwenden, speichern und sch\u00fctzen, finden Sie in unserer Datenschutzerkl\u00e4rung.Sie k\u00f6nnen Ihre Zustimmung zur Cookie-Erkl\u00e4rung auf unserer Website jederzeit \u00e4ndern oder widerrufen.um mehr dar\u00fcber zu erfahren, wer wir sind, wie Sie uns kontaktieren k\u00f6nnen und wie wir mit pers\u00f6nlichen Daten umgehen, lesen Sie bitte unsere Datenschutzerkl\u00e4rung. Ihre Zustimmung gilt f\u00fcr folgende Domain: www.alphatec-occasion.ch<\/div>\n<\/div>\n<div class=\"cli_pg_page_contaner\">\n<h3>Was sind Cookies?<\/h3>\n<div>Cookies sind kleine Textdateien, die zum Speichern kleiner Informationen verwendet werden. Cookies werden auf Ihrem Ger\u00e4t gespeichert, wenn die Website in Ihrem Browser geladen wird. Diese Cookies helfen uns, die Website richtig zu gestalten, sie sicherer zu machen, eine bessere Benutzererfahrung zu bieten, zu verstehen, wie die Website funktioniert und zu analysieren, was funktioniert und was verbessert werden muss.<\/div>\n<h3>Wie verwenden wir Cookies?<\/h3>\n<div>Wie die meisten Online-Dienste verwendet unsere Website aus verschiedenen Gr\u00fcnden Cookies von Erstanbietern und Dritten. Die auf unseren Websites verwendeten Cookies von Drittanbietern werden in erster Linie verwendet, um zu verstehen, wie die Website funktioniert, wie Sie mit unserer Website interagieren, um die Sicherheit unserer Dienstleistungen zu gew\u00e4hrleisten und, im Allgemeinen, um Ihnen eine bessere und verbesserte Benutzererfahrung zu bieten und um Ihre zuk\u00fcnftigen Interaktionen mit unserer Website zu beschleunigen.<\/div>\n<h3>Welche Arten von Cookies verwenden wir?<\/h3>\n<div>\n<p><strong>Unverzichtbar:<\/strong> Einige Cookies sind unerl\u00e4sslich, damit Sie alle Funktionen unserer Website nutzen k\u00f6nnen. Sie erm\u00f6glichen uns die Aufrechterhaltung von Benutzersitzungen und die Vermeidung von Sicherheitsbedrohungen. Sie sammeln oder speichern keine pers\u00f6nlichen Informationen. Diese Cookies erm\u00f6glichen es Ihnen beispielsweise, sich in Ihr Konto einzuloggen und Produkte in Ihren Warenkorb zu legen und sicher zur Kasse zu gehen.<\/p>\n<p><strong>Statistik:<\/strong> Diese Cookies speichern Informationen wie die Anzahl der Besucher der Website, die Anzahl der einzelnen Besucher, die besuchten Seiten der Website, die Quelle des Besuchs usw. Die in diesen Cookies gespeicherten Informationen k\u00f6nnen auch von Drittanbietern von Werbung verwendet werden, um Ihnen auch Werbung auf anderen Websites im Browser anzuzeigen.<\/p>\n<p><strong>Funktional:<\/strong> Es handelt sich um Cookies, die den Zugang zu bestimmten nicht wesentlichen Funktionen unserer Website erm\u00f6glichen. Zu diesen Funktionen geh\u00f6ren die Einbettung von Inhalten wie Videos oder die gemeinsame Nutzung von Inhalten auf der Website auf Social-Media-Plattformen.<\/p>\n<p><strong>Pr\u00e4ferenzen:<\/strong> Diese Cookies helfen uns, Ihre Einstellungen und Browsereinstellungen, wie z.B. die Sprache, zu speichern, so dass Sie bei zuk\u00fcnftigen Besuchen der Website eine effektivere Erfahrung machen k\u00f6nnen.<\/p>\n<\/div>\n<\/div>\n<div class=\"cli_pg_page_contaner\">\n<h3>Wie kann ich die Cookie-Einstellungen kontrollieren?<\/h3>\n<div>Wenn Sie sich entscheiden, Ihre Pr\u00e4ferenzen sp\u00e4ter w\u00e4hrend Ihrer Browsersitzung zu \u00e4ndern, k\u00f6nnen Sie auf die Registerkarte &#8222;Datenschutz- und Cookie-Richtlinie&#8220; auf Ihrem Bildschirm klicken. Dar\u00fcber hinaus bieten verschiedene Browser unterschiedliche Methoden zum Blockieren und L\u00f6schen von Cookies, die von Websites verwendet werden. Sie k\u00f6nnen Ihre Browsereinstellungen \u00e4ndern, um Cookies zu blockieren\/l\u00f6schen. Weitere Informationen \u00fcber die Verwaltung und das L\u00f6schen von Cookies finden Sie auf <a href=\"https:\/\/de.wikipedia.org\/wiki\/HTTP-Cookie\" target=\"_blank\" rel=\"noopener noreferrer\">wikipedia.org<\/a>.<\/div>\n<\/div>\n","protected":false},"excerpt":{"rendered":"<p>Diese Cookie-Richtlinie erkl\u00e4rt, was Cookies sind und wie wir sie verwenden. Sie sollten diese Richtlinie lesen, um zu verstehen, was Cookies sind, wie wir sie verwenden, welche Arten von Cookies wir verwenden, d.h. welche Informationen wir mit Hilfe von Cookies sammeln und wie diese Informationen verwendet werden, und wie die Cookie-Pr\u00e4ferenzen gesteuert werden k\u00f6nnen. Weitere<\/p>\n","protected":false},"author":1,"featured_media":0,"parent":0,"menu_order":0,"comment_status":"closed","ping_status":"closed","template":"","meta":{"footnotes":""},"class_list":["post-13254","page","type-page","status-publish","hentry"],"yoast_head":"<!-- This site is optimized with the Yoast SEO plugin v27.5 - https:\/\/yoast.com\/product\/yoast-seo-wordpress\/ -->\n<title>Datenschutzerkl\u00e4rung - Alphatec<\/title>\n<meta name=\"robots\" content=\"index, follow, max-snippet:-1, max-image-preview:large, max-video-preview:-1\" \/>\n<link rel=\"canonical\" href=\"https:\/\/www.alphatec-occasion.ch\/v2\/de\/datenschutzerklaerung\/\" \/>\n<meta property=\"og:locale\" content=\"de_DE\" \/>\n<meta property=\"og:type\" content=\"article\" \/>\n<meta property=\"og:title\" content=\"Datenschutzerkl\u00e4rung - Alphatec\" \/>\n<meta property=\"og:description\" content=\"Diese Cookie-Richtlinie erkl\u00e4rt, was Cookies sind und wie wir sie verwenden. Sie sollten diese Richtlinie lesen, um zu verstehen, was Cookies sind, wie wir sie verwenden, welche Arten von Cookies wir verwenden, d.h. welche Informationen wir mit Hilfe von Cookies sammeln und wie diese Informationen verwendet werden, und wie die Cookie-Pr\u00e4ferenzen gesteuert werden k\u00f6nnen. Weitere\" \/>\n<meta property=\"og:url\" content=\"https:\/\/www.alphatec-occasion.ch\/v2\/de\/datenschutzerklaerung\/\" \/>\n<meta property=\"og:site_name\" content=\"Alphatec\" \/>\n<meta property=\"article:publisher\" content=\"https:\/\/www.facebook.com\/alphatec1350\" \/>\n<meta property=\"article:modified_time\" content=\"2020-03-25T17:00:43+00:00\" \/>\n<meta name=\"twitter:card\" content=\"summary_large_image\" \/>\n<meta name=\"twitter:label1\" content=\"Gesch\u00e4tzte Lesezeit\" \/>\n\t<meta name=\"twitter:data1\" content=\"3\u00a0Minuten\" \/>\n<script type=\"application\/ld+json\" class=\"yoast-schema-graph\">{\"@context\":\"https:\\\/\\\/schema.org\",\"@graph\":[{\"@type\":\"WebPage\",\"@id\":\"https:\\\/\\\/www.alphatec-occasion.ch\\\/v2\\\/de\\\/datenschutzerklaerung\\\/\",\"url\":\"https:\\\/\\\/www.alphatec-occasion.ch\\\/v2\\\/de\\\/datenschutzerklaerung\\\/\",\"name\":\"Datenschutzerkl\u00e4rung - Alphatec\",\"isPartOf\":{\"@id\":\"https:\\\/\\\/www.alphatec-occasion.ch\\\/v2\\\/#website\"},\"datePublished\":\"2020-03-25T16:58:53+00:00\",\"dateModified\":\"2020-03-25T17:00:43+00:00\",\"breadcrumb\":{\"@id\":\"https:\\\/\\\/www.alphatec-occasion.ch\\\/v2\\\/de\\\/datenschutzerklaerung\\\/#breadcrumb\"},\"inLanguage\":\"de\",\"potentialAction\":[{\"@type\":\"ReadAction\",\"target\":[\"https:\\\/\\\/www.alphatec-occasion.ch\\\/v2\\\/de\\\/datenschutzerklaerung\\\/\"]}]},{\"@type\":\"BreadcrumbList\",\"@id\":\"https:\\\/\\\/www.alphatec-occasion.ch\\\/v2\\\/de\\\/datenschutzerklaerung\\\/#breadcrumb\",\"itemListElement\":[{\"@type\":\"ListItem\",\"position\":1,\"name\":\"Accueil\",\"item\":\"https:\\\/\\\/www.alphatec-occasion.ch\\\/v2\\\/de\\\/\"},{\"@type\":\"ListItem\",\"position\":2,\"name\":\"Datenschutzerkl\u00e4rung\"}]},{\"@type\":\"WebSite\",\"@id\":\"https:\\\/\\\/www.alphatec-occasion.ch\\\/v2\\\/#website\",\"url\":\"https:\\\/\\\/www.alphatec-occasion.ch\\\/v2\\\/\",\"name\":\"Alphatec\",\"description\":\"Vente et location de machines agricoles neuves et d&#039;occasion.\",\"publisher\":{\"@id\":\"https:\\\/\\\/www.alphatec-occasion.ch\\\/v2\\\/#organization\"},\"potentialAction\":[{\"@type\":\"SearchAction\",\"target\":{\"@type\":\"EntryPoint\",\"urlTemplate\":\"https:\\\/\\\/www.alphatec-occasion.ch\\\/v2\\\/?s={search_term_string}\"},\"query-input\":{\"@type\":\"PropertyValueSpecification\",\"valueRequired\":true,\"valueName\":\"search_term_string\"}}],\"inLanguage\":\"de\"},{\"@type\":\"Organization\",\"@id\":\"https:\\\/\\\/www.alphatec-occasion.ch\\\/v2\\\/#organization\",\"name\":\"Alphatec Occasion\",\"url\":\"https:\\\/\\\/www.alphatec-occasion.ch\\\/v2\\\/\",\"logo\":{\"@type\":\"ImageObject\",\"inLanguage\":\"de\",\"@id\":\"https:\\\/\\\/www.alphatec-occasion.ch\\\/v2\\\/#\\\/schema\\\/logo\\\/image\\\/\",\"url\":\"https:\\\/\\\/i0.wp.com\\\/www.alphatec-occasion.ch\\\/v2\\\/wp-content\\\/uploads\\\/2016\\\/02\\\/logo-googleMaps.jpg?fit=480%2C270&ssl=1\",\"contentUrl\":\"https:\\\/\\\/i0.wp.com\\\/www.alphatec-occasion.ch\\\/v2\\\/wp-content\\\/uploads\\\/2016\\\/02\\\/logo-googleMaps.jpg?fit=480%2C270&ssl=1\",\"width\":480,\"height\":270,\"caption\":\"Alphatec Occasion\"},\"image\":{\"@id\":\"https:\\\/\\\/www.alphatec-occasion.ch\\\/v2\\\/#\\\/schema\\\/logo\\\/image\\\/\"},\"sameAs\":[\"https:\\\/\\\/www.facebook.com\\\/alphatec1350\"]}]}<\/script>\n<!-- \/ Yoast SEO plugin. -->","yoast_head_json":{"title":"Datenschutzerkl\u00e4rung - Alphatec","robots":{"index":"index","follow":"follow","max-snippet":"max-snippet:-1","max-image-preview":"max-image-preview:large","max-video-preview":"max-video-preview:-1"},"canonical":"https:\/\/www.alphatec-occasion.ch\/v2\/de\/datenschutzerklaerung\/","og_locale":"de_DE","og_type":"article","og_title":"Datenschutzerkl\u00e4rung - Alphatec","og_description":"Diese Cookie-Richtlinie erkl\u00e4rt, was Cookies sind und wie wir sie verwenden. Sie sollten diese Richtlinie lesen, um zu verstehen, was Cookies sind, wie wir sie verwenden, welche Arten von Cookies wir verwenden, d.h. welche Informationen wir mit Hilfe von Cookies sammeln und wie diese Informationen verwendet werden, und wie die Cookie-Pr\u00e4ferenzen gesteuert werden k\u00f6nnen. Weitere","og_url":"https:\/\/www.alphatec-occasion.ch\/v2\/de\/datenschutzerklaerung\/","og_site_name":"Alphatec","article_publisher":"https:\/\/www.facebook.com\/alphatec1350","article_modified_time":"2020-03-25T17:00:43+00:00","twitter_card":"summary_large_image","twitter_misc":{"Gesch\u00e4tzte Lesezeit":"3\u00a0Minuten"},"schema":{"@context":"https:\/\/schema.org","@graph":[{"@type":"WebPage","@id":"https:\/\/www.alphatec-occasion.ch\/v2\/de\/datenschutzerklaerung\/","url":"https:\/\/www.alphatec-occasion.ch\/v2\/de\/datenschutzerklaerung\/","name":"Datenschutzerkl\u00e4rung - Alphatec","isPartOf":{"@id":"https:\/\/www.alphatec-occasion.ch\/v2\/#website"},"datePublished":"2020-03-25T16:58:53+00:00","dateModified":"2020-03-25T17:00:43+00:00","breadcrumb":{"@id":"https:\/\/www.alphatec-occasion.ch\/v2\/de\/datenschutzerklaerung\/#breadcrumb"},"inLanguage":"de","potentialAction":[{"@type":"ReadAction","target":["https:\/\/www.alphatec-occasion.ch\/v2\/de\/datenschutzerklaerung\/"]}]},{"@type":"BreadcrumbList","@id":"https:\/\/www.alphatec-occasion.ch\/v2\/de\/datenschutzerklaerung\/#breadcrumb","itemListElement":[{"@type":"ListItem","position":1,"name":"Accueil","item":"https:\/\/www.alphatec-occasion.ch\/v2\/de\/"},{"@type":"ListItem","position":2,"name":"Datenschutzerkl\u00e4rung"}]},{"@type":"WebSite","@id":"https:\/\/www.alphatec-occasion.ch\/v2\/#website","url":"https:\/\/www.alphatec-occasion.ch\/v2\/","name":"Alphatec","description":"Vente et location de machines agricoles neuves et d&#039;occasion.","publisher":{"@id":"https:\/\/www.alphatec-occasion.ch\/v2\/#organization"},"potentialAction":[{"@type":"SearchAction","target":{"@type":"EntryPoint","urlTemplate":"https:\/\/www.alphatec-occasion.ch\/v2\/?s={search_term_string}"},"query-input":{"@type":"PropertyValueSpecification","valueRequired":true,"valueName":"search_term_string"}}],"inLanguage":"de"},{"@type":"Organization","@id":"https:\/\/www.alphatec-occasion.ch\/v2\/#organization","name":"Alphatec Occasion","url":"https:\/\/www.alphatec-occasion.ch\/v2\/","logo":{"@type":"ImageObject","inLanguage":"de","@id":"https:\/\/www.alphatec-occasion.ch\/v2\/#\/schema\/logo\/image\/","url":"https:\/\/i0.wp.com\/www.alphatec-occasion.ch\/v2\/wp-content\/uploads\/2016\/02\/logo-googleMaps.jpg?fit=480%2C270&ssl=1","contentUrl":"https:\/\/i0.wp.com\/www.alphatec-occasion.ch\/v2\/wp-content\/uploads\/2016\/02\/logo-googleMaps.jpg?fit=480%2C270&ssl=1","width":480,"height":270,"caption":"Alphatec Occasion"},"image":{"@id":"https:\/\/www.alphatec-occasion.ch\/v2\/#\/schema\/logo\/image\/"},"sameAs":["https:\/\/www.facebook.com\/alphatec1350"]}]}},"jetpack_sharing_enabled":true,"_links":{"self":[{"href":"https:\/\/www.alphatec-occasion.ch\/v2\/de\/wp-json\/wp\/v2\/pages\/13254","targetHints":{"allow":["GET"]}}],"collection":[{"href":"https:\/\/www.alphatec-occasion.ch\/v2\/de\/wp-json\/wp\/v2\/pages"}],"about":[{"href":"https:\/\/www.alphatec-occasion.ch\/v2\/de\/wp-json\/wp\/v2\/types\/page"}],"author":[{"embeddable":true,"href":"https:\/\/www.alphatec-occasion.ch\/v2\/de\/wp-json\/wp\/v2\/users\/1"}],"replies":[{"embeddable":true,"href":"https:\/\/www.alphatec-occasion.ch\/v2\/de\/wp-json\/wp\/v2\/comments?post=13254"}],"version-history":[{"count":2,"href":"https:\/\/www.alphatec-occasion.ch\/v2\/de\/wp-json\/wp\/v2\/pages\/13254\/revisions"}],"predecessor-version":[{"id":13258,"href":"https:\/\/www.alphatec-occasion.ch\/v2\/de\/wp-json\/wp\/v2\/pages\/13254\/revisions\/13258"}],"wp:attachment":[{"href":"https:\/\/www.alphatec-occasion.ch\/v2\/de\/wp-json\/wp\/v2\/media?parent=13254"}],"curies":[{"name":"wp","href":"https:\/\/api.w.org\/{rel}","templated":true}]}}